{"id":4121,"date":"2022-05-06T09:14:06","date_gmt":"2022-05-06T09:14:06","guid":{"rendered":"https:\/\/fifes.fr\/?page_id=4121"},"modified":"2022-05-13T13:44:27","modified_gmt":"2022-05-13T13:44:27","slug":"la-restauration","status":"publish","type":"page","link":"https:\/\/fifes.fr\/la-restauration\/","title":{"rendered":"La restauration"},"content":{"rendered":"\t\t<div data-elementor-type=\"wp-page\" data-elementor-id=\"4121\" class=\"elementor elementor-4121\" data-elementor-settings=\"[]\">\n\t\t\t\t\t\t\t<div class=\"elementor-section-wrap\">\n\t\t\t\t\t\t\t<section class=\"elementor-section elementor-top-section elementor-element elementor-element-61cc1af elementor-section-boxed elementor-section-height-default elementor-section-height-default\" data-id=\"61cc1af\" data-element_type=\"section\" data-settings=\"{&quot;background_background&quot;:&quot;classic&quot;}\">\n\t\t\t\t\t\t<div class=\"elementor-container elementor-column-gap-default\">\n\t\t\t\t\t<div class=\"elementor-column elementor-col-100 elementor-top-column elementor-element elementor-element-c21c5cc\" data-id=\"c21c5cc\" data-element_type=\"column\">\n\t\t\t<div class=\"elementor-widget-wrap elementor-element-populated\">\n\t\t\t\t\t\t\t\t<div class=\"elementor-element elementor-element-f35592a elementor-widget elementor-widget-heading\" data-id=\"f35592a\" data-element_type=\"widget\" data-widget_type=\"heading.default\">\n\t\t\t\t<div class=\"elementor-widget-container\">\n\t\t\t<style>\/*! elementor - v3.5.6 - 28-02-2022 *\/\n.elementor-heading-title{padding:0;margin:0;line-height:1}.elementor-widget-heading .elementor-heading-title[class*=elementor-size-]>a{color:inherit;font-size:inherit;line-height:inherit}.elementor-widget-heading .elementor-heading-title.elementor-size-small{font-size:15px}.elementor-widget-heading .elementor-heading-title.elementor-size-medium{font-size:19px}.elementor-widget-heading .elementor-heading-title.elementor-size-large{font-size:29px}.elementor-widget-heading .elementor-heading-title.elementor-size-xl{font-size:39px}.elementor-widget-heading .elementor-heading-title.elementor-size-xxl{font-size:59px}<\/style><h2 class=\"elementor-heading-title elementor-size-default\">LA RESTAURATION<\/h2>\t\t<\/div>\n\t\t\t\t<\/div>\n\t\t\t\t\t<\/div>\n\t\t<\/div>\n\t\t\t\t\t\t\t<\/div>\n\t\t<\/section>\n\t\t\t\t<section class=\"elementor-section elementor-top-section elementor-element elementor-element-1783d45 elementor-section-boxed elementor-section-height-default elementor-section-height-default\" data-id=\"1783d45\" data-element_type=\"section\" data-settings=\"{&quot;background_background&quot;:&quot;classic&quot;}\">\n\t\t\t\t\t\t\t<div class=\"elementor-background-overlay\"><\/div>\n\t\t\t\t\t\t\t<div class=\"elementor-container elementor-column-gap-default\">\n\t\t\t\t\t<div class=\"elementor-column elementor-col-33 elementor-top-column elementor-element elementor-element-e38f707 elementor-invisible\" data-id=\"e38f707\" data-element_type=\"column\" data-settings=\"{&quot;background_background&quot;:&quot;classic&quot;,&quot;animation&quot;:&quot;slideInLeft&quot;}\">\n\t\t\t<div class=\"elementor-widget-wrap elementor-element-populated\">\n\t\t\t\t\t\t\t\t<div class=\"elementor-element elementor-element-5a5da75 elementor-invisible elementor-widget elementor-widget-image\" data-id=\"5a5da75\" data-element_type=\"widget\" data-settings=\"{&quot;_animation&quot;:&quot;fadeIn&quot;}\" data-widget_type=\"image.default\">\n\t\t\t\t<div class=\"elementor-widget-container\">\n\t\t\t<style>\/*! elementor - v3.5.6 - 28-02-2022 *\/\n.elementor-widget-image{text-align:center}.elementor-widget-image a{display:inline-block}.elementor-widget-image a img[src$=\".svg\"]{width:48px}.elementor-widget-image img{vertical-align:middle;display:inline-block}<\/style>\t\t\t\t\t\t\t\t\t\t\t\t<img decoding=\"async\" width=\"768\" height=\"1024\" src=\"https:\/\/fifes.fr\/wp-content\/uploads\/2022\/05\/samir--768x1024.jpg\" class=\"attachment-large size-large\" alt=\"\" loading=\"lazy\" srcset=\"https:\/\/fifes.fr\/wp-content\/uploads\/2022\/05\/samir--768x1024.jpg 768w, https:\/\/fifes.fr\/wp-content\/uploads\/2022\/05\/samir--225x300.jpg 225w, https:\/\/fifes.fr\/wp-content\/uploads\/2022\/05\/samir--1152x1536.jpg 1152w, https:\/\/fifes.fr\/wp-content\/uploads\/2022\/05\/samir-.jpg 1387w\" sizes=\"(max-width: 768px) 100vw, 768px\" \/>\t\t\t\t\t\t\t\t\t\t\t\t\t\t\t<\/div>\n\t\t\t\t<\/div>\n\t\t\t\t<div class=\"elementor-element elementor-element-e6d06cb elementor-widget elementor-widget-text-editor\" data-id=\"e6d06cb\" data-element_type=\"widget\" data-widget_type=\"text-editor.default\">\n\t\t\t\t<div class=\"elementor-widget-container\">\n\t\t\t<style>\/*! elementor - v3.5.6 - 28-02-2022 *\/\n.elementor-widget-text-editor.elementor-drop-cap-view-stacked .elementor-drop-cap{background-color:#818a91;color:#fff}.elementor-widget-text-editor.elementor-drop-cap-view-framed .elementor-drop-cap{color:#818a91;border:3px solid;background-color:transparent}.elementor-widget-text-editor:not(.elementor-drop-cap-view-default) .elementor-drop-cap{margin-top:8px}.elementor-widget-text-editor:not(.elementor-drop-cap-view-default) .elementor-drop-cap-letter{width:1em;height:1em}.elementor-widget-text-editor .elementor-drop-cap{float:left;text-align:center;line-height:1;font-size:50px}.elementor-widget-text-editor .elementor-drop-cap-letter{display:inline-block}<\/style>\t\t\t\t<p>Fort d\u2019une exp\u00e9rience acquise au long d\u2019une longue carri\u00e8re pass\u00e9e dans des \u00e9tablissements renomm\u00e9s, le Chef Belhafiane Samir a une signature culinaire propre \u00e0 lui. Cr\u00e9ative, saine, progressive, tr\u00e8s proche des producteurs r\u00e9gionaux. Il sait r\u00e9v\u00e9ler toutes les saveurs m\u00e9diterran\u00e9ennes et travaille avec beaucoup de respect les produits de saison.<\/p><p><b>Instagram : <a href=\"https:\/\/www.instagram.com\/easyfoodbysam\/?hl=fr\">@easyfoodbysam <\/a><\/b><\/p>\t\t\t\t\t\t<\/div>\n\t\t\t\t<\/div>\n\t\t\t\t\t<\/div>\n\t\t<\/div>\n\t\t\t\t<div class=\"elementor-column elementor-col-33 elementor-top-column elementor-element elementor-element-1241e15 elementor-invisible\" data-id=\"1241e15\" data-element_type=\"column\" data-settings=\"{&quot;background_background&quot;:&quot;classic&quot;,&quot;animation&quot;:&quot;slideInUp&quot;}\">\n\t\t\t<div class=\"elementor-widget-wrap elementor-element-populated\">\n\t\t\t\t\t<div class=\"elementor-background-overlay\"><\/div>\n\t\t\t\t\t\t\t\t<div class=\"elementor-element elementor-element-66712ac elementor-invisible elementor-widget elementor-widget-image\" data-id=\"66712ac\" data-element_type=\"widget\" data-settings=\"{&quot;_animation&quot;:&quot;fadeIn&quot;}\" data-widget_type=\"image.default\">\n\t\t\t\t<div class=\"elementor-widget-container\">\n\t\t\t\t\t\t\t\t\t\t\t\t\t\t\t<img decoding=\"async\" width=\"768\" height=\"1024\" src=\"https:\/\/fifes.fr\/wp-content\/uploads\/2022\/05\/simon-duval-3-768x1024.jpg\" class=\"attachment-large size-large\" alt=\"\" loading=\"lazy\" srcset=\"https:\/\/fifes.fr\/wp-content\/uploads\/2022\/05\/simon-duval-3-768x1024.jpg 768w, https:\/\/fifes.fr\/wp-content\/uploads\/2022\/05\/simon-duval-3-225x300.jpg 225w, https:\/\/fifes.fr\/wp-content\/uploads\/2022\/05\/simon-duval-3-1152x1536.jpg 1152w, https:\/\/fifes.fr\/wp-content\/uploads\/2022\/05\/simon-duval-3.jpg 1387w\" sizes=\"(max-width: 768px) 100vw, 768px\" \/>\t\t\t\t\t\t\t\t\t\t\t\t\t\t\t<\/div>\n\t\t\t\t<\/div>\n\t\t\t\t<div class=\"elementor-element elementor-element-d1497fb elementor-widget elementor-widget-text-editor\" data-id=\"d1497fb\" data-element_type=\"widget\" data-widget_type=\"text-editor.default\">\n\t\t\t\t<div class=\"elementor-widget-container\">\n\t\t\t\t\t\t\t<p>Chef cuisinier et conseiller en alimentation selon l\u2019Ayurveda. Ma raison d\u2019\u00eatre autour de l\u2019alimentation \u00e0 ce jour se tourne sur la pr\u00e9vention du syst\u00e8me digestif et la transmission des influences de l\u2019Ayurveda de mani\u00e8re modernis\u00e9es et occidentalis\u00e9es en r\u00e9unissant une cuisine \u00e9thique et ancestrale. Mes diff\u00e9rents voyages m\u2019ont permis d\u2019affiner mes cr\u00e9ations et mes assaisonnements. Ce qui fait \u00e0 ce jour la signature d\u2019une cuisine biologique color\u00e9e, saine rempli d\u2019amour et d\u2019intentions tourn\u00e9s ainsi vers le corps et l\u2019esprit. Accueillir l\u2019\u00eatre dans sa globalit\u00e9 de mani\u00e8re holistique.<br \/>Mon engouement \u00e0 participer au FIFES cette ann\u00e9e 2022 est entre autres pour cr\u00e9er du lien autour de valeurs communes, nourrir un \u00e9motionnel en qu\u00eate de sens et ancr\u00e9 mes intentions profondes \u00e0 s\u2019unir dans un collectif en mouvement agissant en localit\u00e9 pour le mieux-\u00eatre de nos vies.<\/p><p><a href=\"https:\/\/www.flavescence.net\/\"><b>https:\/\/www.flavescence.net\/ <\/b><\/a><\/p>\t\t\t\t\t\t<\/div>\n\t\t\t\t<\/div>\n\t\t\t\t\t<\/div>\n\t\t<\/div>\n\t\t\t\t<div class=\"elementor-column elementor-col-33 elementor-top-column elementor-element elementor-element-ae0cbac elementor-invisible\" data-id=\"ae0cbac\" data-element_type=\"column\" data-settings=\"{&quot;background_background&quot;:&quot;classic&quot;,&quot;animation&quot;:&quot;slideInRight&quot;}\">\n\t\t\t<div class=\"elementor-widget-wrap elementor-element-populated\">\n\t\t\t\t\t\t\t\t<div class=\"elementor-element elementor-element-8436ebf elementor-widget elementor-widget-spacer\" data-id=\"8436ebf\" data-element_type=\"widget\" data-widget_type=\"spacer.default\">\n\t\t\t\t<div class=\"elementor-widget-container\">\n\t\t\t\t\t<div class=\"elementor-spacer\">\n\t\t\t<div class=\"elementor-spacer-inner\"><\/div>\n\t\t<\/div>\n\t\t\t\t<\/div>\n\t\t\t\t<\/div>\n\t\t\t\t<div class=\"elementor-element elementor-element-32f6f32 elementor-invisible elementor-widget elementor-widget-image\" data-id=\"32f6f32\" data-element_type=\"widget\" data-settings=\"{&quot;_animation&quot;:&quot;fadeIn&quot;}\" data-widget_type=\"image.default\">\n\t\t\t\t<div class=\"elementor-widget-container\">\n\t\t\t\t\t\t\t\t\t\t\t\t\t\t\t<img decoding=\"async\" width=\"683\" height=\"1024\" src=\"https:\/\/fifes.fr\/wp-content\/uploads\/2022\/05\/chloe\u0301-babin-2-683x1024.jpg\" class=\"attachment-large size-large\" alt=\"\" loading=\"lazy\" srcset=\"https:\/\/fifes.fr\/wp-content\/uploads\/2022\/05\/chloe\u0301-babin-2-683x1024.jpg 683w, https:\/\/fifes.fr\/wp-content\/uploads\/2022\/05\/chloe\u0301-babin-2-200x300.jpg 200w, https:\/\/fifes.fr\/wp-content\/uploads\/2022\/05\/chloe\u0301-babin-2-768x1151.jpg 768w, https:\/\/fifes.fr\/wp-content\/uploads\/2022\/05\/chloe\u0301-babin-2-1025x1536.jpg 1025w, https:\/\/fifes.fr\/wp-content\/uploads\/2022\/05\/chloe\u0301-babin-2.jpg 1167w\" sizes=\"(max-width: 683px) 100vw, 683px\" \/>\t\t\t\t\t\t\t\t\t\t\t\t\t\t\t<\/div>\n\t\t\t\t<\/div>\n\t\t\t\t<div class=\"elementor-element elementor-element-0ac8d21 elementor-widget elementor-widget-text-editor\" data-id=\"0ac8d21\" data-element_type=\"widget\" data-widget_type=\"text-editor.default\">\n\t\t\t\t<div class=\"elementor-widget-container\">\n\t\t\t\t\t\t\t<p>Apre\u0300s des e\u0301tudes dans la restauration puis en pa\u0302tisserie-boulangerie, Chloe\u0301 Babin porte une re\u0301flexion sur les moyens de se soigner naturellement et l\u2019effet sur l\u2019organisme de la consommation de sucre raffine\u0301 et de farine industrielle. Elle s\u2019est donc tourne\u0301e vers une alimentation plus vivante, vitalisante et instinctive : la crusine.<br \/>\u201cLa crusine permet d\u2019utiliser le plein potentiel des aliments et techniques ancestrales, comme la fermentation, pour e\u0302tre en bonne sante\u0301, plus re\u0301silient.<\/p><p>Le FIFES est une initiative qui me tient a\u0300 c\u0153ur, car le but est de cre\u0301er du lien entre les acteurs de la re\u0301gion qui veulent construire un nouveau mode\u0300le de re\u0301ussite. Les films et court-me\u0301trages choisis aident a\u0300 semer de nouveaux imaginaires possibles. La conviction et la cohe\u0301rence des porteurs du projet sont de vrais moteurs pour souder les citoyens vers la cre\u0301ation de nouveaux paradigmes.\u201d<\/p>\t\t\t\t\t\t<\/div>\n\t\t\t\t<\/div>\n\t\t\t\t\t<\/div>\n\t\t<\/div>\n\t\t\t\t\t\t\t<\/div>\n\t\t<\/section>\n\t\t\t\t\t\t<\/div>\n\t\t\t\t\t<\/div>\n\t\t","protected":false},"excerpt":{"rendered":"<p>LA RESTAURATION Fort d\u2019une exp\u00e9rience acquise au long d\u2019une longue carri\u00e8re pass\u00e9e dans des \u00e9tablissements renomm\u00e9s, le Chef Belhafiane Samir a une signature culinaire propre \u00e0 lui. Cr\u00e9ative, saine, progressive, tr\u00e8s proche des producteurs r\u00e9gionaux. Il sait r\u00e9v\u00e9ler toutes les saveurs m\u00e9diterran\u00e9ennes et travaille avec beaucoup de respect les produits de saison. Instagram : @easyfoodbysam&hellip;&nbsp;<a href=\"https:\/\/fifes.fr\/la-restauration\/\" class=\"\" rel=\"bookmark\">Lire la suite &raquo;<span class=\"screen-reader-text\">La restauration<\/span><\/a><\/p>\n","protected":false},"author":1,"featured_media":0,"parent":0,"menu_order":0,"comment_status":"closed","ping_status":"closed","template":"page-templates\/template-pagebuilder-full-width.php","meta":{"neve_meta_sidebar":"","neve_meta_container":"","neve_meta_enable_content_width":"","neve_meta_content_width":0,"neve_meta_title_alignment":"","neve_meta_author_avatar":"","neve_post_elements_order":"","neve_meta_disable_header":"","neve_meta_disable_footer":"","neve_meta_disable_title":"","neve_meta_reading_time":"","_ti_tpc_template_sync":false,"_ti_tpc_template_id":""},"uagb_featured_image_src":{"full":false,"thumbnail":false,"medium":false,"medium_large":false,"large":false,"1536x1536":false,"2048x2048":false,"neve-blog":false},"uagb_author_info":{"display_name":"fifescannes@gmail.com","author_link":"https:\/\/fifes.fr\/author\/fifescannesgmail-com\/"},"uagb_comment_info":0,"uagb_excerpt":"LA RESTAURATION Fort d\u2019une exp\u00e9rience acquise au long d\u2019une longue carri\u00e8re pass\u00e9e dans des \u00e9tablissements renomm\u00e9s, le Chef Belhafiane Samir a une signature culinaire propre \u00e0 lui. Cr\u00e9ative, saine, progressive, tr\u00e8s proche des producteurs r\u00e9gionaux. Il sait r\u00e9v\u00e9ler toutes les saveurs m\u00e9diterran\u00e9ennes et travaille avec beaucoup de respect les produits de saison. Instagram : @easyfoodbysam&hellip;&nbsp;Lire\u2026","_links":{"self":[{"href":"https:\/\/fifes.fr\/wp-json\/wp\/v2\/pages\/4121"}],"collection":[{"href":"https:\/\/fifes.fr\/wp-json\/wp\/v2\/pages"}],"about":[{"href":"https:\/\/fifes.fr\/wp-json\/wp\/v2\/types\/page"}],"author":[{"embeddable":true,"href":"https:\/\/fifes.fr\/wp-json\/wp\/v2\/users\/1"}],"replies":[{"embeddable":true,"href":"https:\/\/fifes.fr\/wp-json\/wp\/v2\/comments?post=4121"}],"version-history":[{"count":52,"href":"https:\/\/fifes.fr\/wp-json\/wp\/v2\/pages\/4121\/revisions"}],"predecessor-version":[{"id":4564,"href":"https:\/\/fifes.fr\/wp-json\/wp\/v2\/pages\/4121\/revisions\/4564"}],"wp:attachment":[{"href":"https:\/\/fifes.fr\/wp-json\/wp\/v2\/media?parent=4121"}],"curies":[{"name":"wp","href":"https:\/\/api.w.org\/{rel}","templated":true}]}}