{"id":3887,"date":"2022-05-05T08:05:10","date_gmt":"2022-05-05T08:05:10","guid":{"rendered":"https:\/\/fifes.fr\/?page_id=3887"},"modified":"2022-05-13T12:40:33","modified_gmt":"2022-05-13T12:40:33","slug":"le-presentateur","status":"publish","type":"page","link":"https:\/\/fifes.fr\/le-presentateur\/","title":{"rendered":"Le pr\u00e9sentateur"},"content":{"rendered":"\t\t<div data-elementor-type=\"wp-page\" data-elementor-id=\"3887\" class=\"elementor elementor-3887\" data-elementor-settings=\"[]\">\n\t\t\t\t\t\t\t<div class=\"elementor-section-wrap\">\n\t\t\t\t\t\t\t<section class=\"elementor-section elementor-top-section elementor-element elementor-element-e5f8448 elementor-section-boxed elementor-section-height-default elementor-section-height-default\" data-id=\"e5f8448\" data-element_type=\"section\" data-settings=\"{&quot;background_background&quot;:&quot;classic&quot;}\">\n\t\t\t\t\t\t<div class=\"elementor-container elementor-column-gap-default\">\n\t\t\t\t\t<div class=\"elementor-column elementor-col-100 elementor-top-column elementor-element elementor-element-16c4f82\" data-id=\"16c4f82\" data-element_type=\"column\">\n\t\t\t<div class=\"elementor-widget-wrap elementor-element-populated\">\n\t\t\t\t\t\t\t\t<div class=\"elementor-element elementor-element-e5a8462 elementor-widget elementor-widget-heading\" data-id=\"e5a8462\" data-element_type=\"widget\" data-widget_type=\"heading.default\">\n\t\t\t\t<div class=\"elementor-widget-container\">\n\t\t\t<style>\/*! elementor - v3.5.6 - 28-02-2022 *\/\n.elementor-heading-title{padding:0;margin:0;line-height:1}.elementor-widget-heading .elementor-heading-title[class*=elementor-size-]>a{color:inherit;font-size:inherit;line-height:inherit}.elementor-widget-heading .elementor-heading-title.elementor-size-small{font-size:15px}.elementor-widget-heading .elementor-heading-title.elementor-size-medium{font-size:19px}.elementor-widget-heading .elementor-heading-title.elementor-size-large{font-size:29px}.elementor-widget-heading .elementor-heading-title.elementor-size-xl{font-size:39px}.elementor-widget-heading .elementor-heading-title.elementor-size-xxl{font-size:59px}<\/style><h2 class=\"elementor-heading-title elementor-size-default\">LE PR\u00c9SENTATEUR<\/h2>\t\t<\/div>\n\t\t\t\t<\/div>\n\t\t\t\t\t<\/div>\n\t\t<\/div>\n\t\t\t\t\t\t\t<\/div>\n\t\t<\/section>\n\t\t\t\t<section class=\"elementor-section elementor-top-section elementor-element elementor-element-3086b48 elementor-section-boxed elementor-section-height-default elementor-section-height-default\" data-id=\"3086b48\" data-element_type=\"section\" data-settings=\"{&quot;background_background&quot;:&quot;classic&quot;}\">\n\t\t\t\t\t\t\t<div class=\"elementor-background-overlay\"><\/div>\n\t\t\t\t\t\t\t<div class=\"elementor-container elementor-column-gap-default\">\n\t\t\t\t\t<div class=\"elementor-column elementor-col-33 elementor-top-column elementor-element elementor-element-b07510c\" data-id=\"b07510c\" data-element_type=\"column\">\n\t\t\t<div class=\"elementor-widget-wrap elementor-element-populated\">\n\t\t\t\t\t\t\t\t<div class=\"elementor-element elementor-element-86bc005 elementor-widget elementor-widget-spacer\" data-id=\"86bc005\" data-element_type=\"widget\" data-widget_type=\"spacer.default\">\n\t\t\t\t<div class=\"elementor-widget-container\">\n\t\t\t\t\t<div class=\"elementor-spacer\">\n\t\t\t<div class=\"elementor-spacer-inner\"><\/div>\n\t\t<\/div>\n\t\t\t\t<\/div>\n\t\t\t\t<\/div>\n\t\t\t\t<div class=\"elementor-element elementor-element-8cd219f elementor-widget elementor-widget-text-editor\" data-id=\"8cd219f\" data-element_type=\"widget\" data-widget_type=\"text-editor.default\">\n\t\t\t\t<div class=\"elementor-widget-container\">\n\t\t\t<style>\/*! elementor - v3.5.6 - 28-02-2022 *\/\n.elementor-widget-text-editor.elementor-drop-cap-view-stacked .elementor-drop-cap{background-color:#818a91;color:#fff}.elementor-widget-text-editor.elementor-drop-cap-view-framed .elementor-drop-cap{color:#818a91;border:3px solid;background-color:transparent}.elementor-widget-text-editor:not(.elementor-drop-cap-view-default) .elementor-drop-cap{margin-top:8px}.elementor-widget-text-editor:not(.elementor-drop-cap-view-default) .elementor-drop-cap-letter{width:1em;height:1em}.elementor-widget-text-editor .elementor-drop-cap{float:left;text-align:center;line-height:1;font-size:50px}.elementor-widget-text-editor .elementor-drop-cap-letter{display:inline-block}<\/style>\t\t\t\t<p>Com\u00e9dien, chanteur, auteur et acteur, S\u00e9bastien Fouillade partage son temps entre les plateaux (de th\u00e9\u00e2tre, cin\u00e9ma et t\u00e9l\u00e9vision) et l\u2019entreprise qu\u2019il a cr\u00e9\u00e9 Diff\u00e9rent \u00c9gale Plus. Une entreprise dans laquelle les arts vivants sont mis au service de la formation et du mieux-\u00eatre en entreprise, par une approche globale qui r\u00e9unit le corps, le c\u0153ur et la t\u00eate.<\/p>\t\t\t\t\t\t<\/div>\n\t\t\t\t<\/div>\n\t\t\t\t\t<\/div>\n\t\t<\/div>\n\t\t\t\t<div class=\"elementor-column elementor-col-33 elementor-top-column elementor-element elementor-element-e78e98c\" data-id=\"e78e98c\" data-element_type=\"column\">\n\t\t\t<div class=\"elementor-widget-wrap elementor-element-populated\">\n\t\t\t\t\t\t\t\t<div class=\"elementor-element elementor-element-b99edcd elementor-widget elementor-widget-spacer\" data-id=\"b99edcd\" data-element_type=\"widget\" data-widget_type=\"spacer.default\">\n\t\t\t\t<div class=\"elementor-widget-container\">\n\t\t\t\t\t<div class=\"elementor-spacer\">\n\t\t\t<div class=\"elementor-spacer-inner\"><\/div>\n\t\t<\/div>\n\t\t\t\t<\/div>\n\t\t\t\t<\/div>\n\t\t\t\t<div class=\"elementor-element elementor-element-e14d59e animated-slow elementor-position-top elementor-vertical-align-top elementor-invisible elementor-widget elementor-widget-image-box\" data-id=\"e14d59e\" data-element_type=\"widget\" data-settings=\"{&quot;_animation&quot;:&quot;fadeInLeft&quot;}\" data-widget_type=\"image-box.default\">\n\t\t\t\t<div class=\"elementor-widget-container\">\n\t\t\t<style>\/*! elementor - v3.5.6 - 28-02-2022 *\/\n.elementor-widget-image-box .elementor-image-box-content{width:100%}@media (min-width:768px){.elementor-widget-image-box.elementor-position-left .elementor-image-box-wrapper,.elementor-widget-image-box.elementor-position-right .elementor-image-box-wrapper{display:-webkit-box;display:-ms-flexbox;display:flex}.elementor-widget-image-box.elementor-position-right .elementor-image-box-wrapper{text-align:right;-webkit-box-orient:horizontal;-webkit-box-direction:reverse;-ms-flex-direction:row-reverse;flex-direction:row-reverse}.elementor-widget-image-box.elementor-position-left .elementor-image-box-wrapper{text-align:left;-webkit-box-orient:horizontal;-webkit-box-direction:normal;-ms-flex-direction:row;flex-direction:row}.elementor-widget-image-box.elementor-position-top .elementor-image-box-img{margin:auto}.elementor-widget-image-box.elementor-vertical-align-top .elementor-image-box-wrapper{-webkit-box-align:start;-ms-flex-align:start;align-items:flex-start}.elementor-widget-image-box.elementor-vertical-align-middle .elementor-image-box-wrapper{-webkit-box-align:center;-ms-flex-align:center;align-items:center}.elementor-widget-image-box.elementor-vertical-align-bottom .elementor-image-box-wrapper{-webkit-box-align:end;-ms-flex-align:end;align-items:flex-end}}@media (max-width:767px){.elementor-widget-image-box .elementor-image-box-img{margin-left:auto!important;margin-right:auto!important;margin-bottom:15px}}.elementor-widget-image-box .elementor-image-box-img{display:inline-block}.elementor-widget-image-box .elementor-image-box-title a{color:inherit}.elementor-widget-image-box .elementor-image-box-wrapper{text-align:center}.elementor-widget-image-box .elementor-image-box-description{margin:0}<\/style><div class=\"elementor-image-box-wrapper\"><figure class=\"elementor-image-box-img\"><a href=\"#SophieRabhi\"><img decoding=\"async\" width=\"432\" height=\"648\" src=\"https:\/\/fifes.fr\/wp-content\/uploads\/2022\/05\/Sebastien_Fouillade_11.jpg\" class=\"attachment-full size-full\" alt=\"\" loading=\"lazy\" \/><\/a><\/figure><div class=\"elementor-image-box-content\"><h6 class=\"elementor-image-box-title\"><a href=\"#SophieRabhi\">S\u00e9bastien Fouillade<\/a><\/h6><\/div><\/div>\t\t<\/div>\n\t\t\t\t<\/div>\n\t\t\t\t\t<\/div>\n\t\t<\/div>\n\t\t\t\t<div class=\"elementor-column elementor-col-33 elementor-top-column elementor-element elementor-element-28f280f\" data-id=\"28f280f\" data-element_type=\"column\">\n\t\t\t<div class=\"elementor-widget-wrap elementor-element-populated\">\n\t\t\t\t\t\t\t\t<div class=\"elementor-element elementor-element-203a119 elementor-widget elementor-widget-spacer\" data-id=\"203a119\" data-element_type=\"widget\" data-widget_type=\"spacer.default\">\n\t\t\t\t<div class=\"elementor-widget-container\">\n\t\t\t\t\t<div class=\"elementor-spacer\">\n\t\t\t<div class=\"elementor-spacer-inner\"><\/div>\n\t\t<\/div>\n\t\t\t\t<\/div>\n\t\t\t\t<\/div>\n\t\t\t\t<div class=\"elementor-element elementor-element-9473bc7 elementor-widget elementor-widget-text-editor\" data-id=\"9473bc7\" data-element_type=\"widget\" data-widget_type=\"text-editor.default\">\n\t\t\t\t<div class=\"elementor-widget-container\">\n\t\t\t\t\t\t\t<p><em>&#8220;Ma participation \u00e0 ce festival est guid\u00e9e par l\u2019envie de contribuer \u00e0 ma mesure et \u00e0 mon endroit, en tant qu\u2019homme et artiste, aux questions \u00e9cologiques et sociales. J\u2019ai rencontr\u00e9 les organisateurs du FIFES dans le cadre des journ\u00e9es que j\u2019anime par le th\u00e9\u00e2tre pour une magnifique \u00e9cole de la transition \u00e9cologique (Lumia). J\u2019ai d\u00e9j\u00e0 eu le plaisir l\u2019ann\u00e9e derni\u00e8re d\u2019animer le festival et ils me font l\u2019honneur de m\u2019inviter \u00e0 nouveau \u00e0 cette deuxi\u00e8me \u00e9dition. J\u2019adore honorer les signes de la vie quand ils sonnent justes !\u201d<\/em><\/p><p><a href=\"http:\/\/www.differentegaleplus.com\">www.differentegaleplus.com<\/a><\/p>\t\t\t\t\t\t<\/div>\n\t\t\t\t<\/div>\n\t\t\t\t\t<\/div>\n\t\t<\/div>\n\t\t\t\t\t\t\t<\/div>\n\t\t<\/section>\n\t\t\t\t\t\t<\/div>\n\t\t\t\t\t<\/div>\n\t\t","protected":false},"excerpt":{"rendered":"<p>LE PR\u00c9SENTATEUR Com\u00e9dien, chanteur, auteur et acteur, S\u00e9bastien Fouillade partage son temps entre les plateaux (de th\u00e9\u00e2tre, cin\u00e9ma et t\u00e9l\u00e9vision) et l\u2019entreprise qu\u2019il a cr\u00e9\u00e9 Diff\u00e9rent \u00c9gale Plus. Une entreprise dans laquelle les arts vivants sont mis au service de la formation et du mieux-\u00eatre en entreprise, par une approche globale qui r\u00e9unit le corps,&hellip;&nbsp;<a href=\"https:\/\/fifes.fr\/le-presentateur\/\" class=\"\" rel=\"bookmark\">Lire la suite &raquo;<span class=\"screen-reader-text\">Le pr\u00e9sentateur<\/span><\/a><\/p>\n","protected":false},"author":1,"featured_media":0,"parent":0,"menu_order":0,"comment_status":"closed","ping_status":"closed","template":"page-templates\/template-pagebuilder-full-width.php","meta":{"neve_meta_sidebar":"","neve_meta_container":"","neve_meta_enable_content_width":"","neve_meta_content_width":0,"neve_meta_title_alignment":"","neve_meta_author_avatar":"","neve_post_elements_order":"","neve_meta_disable_header":"","neve_meta_disable_footer":"","neve_meta_disable_title":"","neve_meta_reading_time":"","_ti_tpc_template_sync":false,"_ti_tpc_template_id":""},"uagb_featured_image_src":{"full":false,"thumbnail":false,"medium":false,"medium_large":false,"large":false,"1536x1536":false,"2048x2048":false,"neve-blog":false},"uagb_author_info":{"display_name":"fifescannes@gmail.com","author_link":"https:\/\/fifes.fr\/author\/fifescannesgmail-com\/"},"uagb_comment_info":0,"uagb_excerpt":"LE PR\u00c9SENTATEUR Com\u00e9dien, chanteur, auteur et acteur, S\u00e9bastien Fouillade partage son temps entre les plateaux (de th\u00e9\u00e2tre, cin\u00e9ma et t\u00e9l\u00e9vision) et l\u2019entreprise qu\u2019il a cr\u00e9\u00e9 Diff\u00e9rent \u00c9gale Plus. Une entreprise dans laquelle les arts vivants sont mis au service de la formation et du mieux-\u00eatre en entreprise, par une approche globale qui r\u00e9unit le corps,&hellip;&nbsp;Lire\u2026","_links":{"self":[{"href":"https:\/\/fifes.fr\/wp-json\/wp\/v2\/pages\/3887"}],"collection":[{"href":"https:\/\/fifes.fr\/wp-json\/wp\/v2\/pages"}],"about":[{"href":"https:\/\/fifes.fr\/wp-json\/wp\/v2\/types\/page"}],"author":[{"embeddable":true,"href":"https:\/\/fifes.fr\/wp-json\/wp\/v2\/users\/1"}],"replies":[{"embeddable":true,"href":"https:\/\/fifes.fr\/wp-json\/wp\/v2\/comments?post=3887"}],"version-history":[{"count":52,"href":"https:\/\/fifes.fr\/wp-json\/wp\/v2\/pages\/3887\/revisions"}],"predecessor-version":[{"id":4377,"href":"https:\/\/fifes.fr\/wp-json\/wp\/v2\/pages\/3887\/revisions\/4377"}],"wp:attachment":[{"href":"https:\/\/fifes.fr\/wp-json\/wp\/v2\/media?parent=3887"}],"curies":[{"name":"wp","href":"https:\/\/api.w.org\/{rel}","templated":true}]}}