{"id":1442,"date":"2022-01-21T15:02:47","date_gmt":"2022-01-21T15:02:47","guid":{"rendered":"https:\/\/fifes.fr\/?page_id=1442"},"modified":"2022-04-26T15:24:44","modified_gmt":"2022-04-26T15:24:44","slug":"mentions-legales","status":"publish","type":"page","link":"https:\/\/fifes.fr\/mentions-legales\/","title":{"rendered":"Mentions l\u00e9gales"},"content":{"rendered":"\t\t<div data-elementor-type=\"wp-page\" data-elementor-id=\"1442\" class=\"elementor elementor-1442\" data-elementor-settings=\"[]\">\n\t\t\t\t\t\t\t<div class=\"elementor-section-wrap\">\n\t\t\t\t\t\t\t<section class=\"elementor-section elementor-top-section elementor-element elementor-element-022efdf elementor-section-boxed elementor-section-height-default elementor-section-height-default\" data-id=\"022efdf\" data-element_type=\"section\">\n\t\t\t\t\t\t<div class=\"elementor-container elementor-column-gap-default\">\n\t\t\t\t\t<div class=\"elementor-column elementor-col-100 elementor-top-column elementor-element elementor-element-18ee963\" data-id=\"18ee963\" data-element_type=\"column\">\n\t\t\t<div class=\"elementor-widget-wrap elementor-element-populated\">\n\t\t\t\t\t\t\t\t<div class=\"elementor-element elementor-element-a6a4203 elementor-widget elementor-widget-text-editor\" data-id=\"a6a4203\" data-element_type=\"widget\" data-widget_type=\"text-editor.default\">\n\t\t\t\t<div class=\"elementor-widget-container\">\n\t\t\t<style>\/*! elementor - v3.5.6 - 28-02-2022 *\/\n.elementor-widget-text-editor.elementor-drop-cap-view-stacked .elementor-drop-cap{background-color:#818a91;color:#fff}.elementor-widget-text-editor.elementor-drop-cap-view-framed .elementor-drop-cap{color:#818a91;border:3px solid;background-color:transparent}.elementor-widget-text-editor:not(.elementor-drop-cap-view-default) .elementor-drop-cap{margin-top:8px}.elementor-widget-text-editor:not(.elementor-drop-cap-view-default) .elementor-drop-cap-letter{width:1em;height:1em}.elementor-widget-text-editor .elementor-drop-cap{float:left;text-align:center;line-height:1;font-size:50px}.elementor-widget-text-editor .elementor-drop-cap-letter{display:inline-block}<\/style>\t\t\t\t<div id=\"pum_popup_title_398\" class=\"pum-title popmake-title\">Mentions l\u00e9gales<\/div><div>\u00a0<\/div><div class=\"pum-content popmake-content\"><p>En vertu de l\u2019article 6 de la loi n\u00b0 2004-575 du 21 juin 2004 pour la confiance dans l\u2019\u00e9conomie num\u00e9rique, il est pr\u00e9cis\u00e9 aux utilisateurs du site paulcoursimault-drummer.com l\u2019identit\u00e9 des diff\u00e9rents intervenants dans le cadre de sa r\u00e9alisation et de son suivi :<\/p><\/div><p>Association loi 1901<\/p><div class=\"pum-content popmake-content\"><p>Propri\u00e9taire : Maxime Giordano \u2013 07 82 30 49 50\u2013 8 rue du commandant Andr\u00e9, 06400, Cannes<\/p><p>Cr\u00e9ateur :\u00a0<a href=\"https:\/\/paul-comm.com\/\">Paul Comm<\/a><\/p><p>Responsable publication : Maxime Giordano<\/p><p>Webmaster : <a href=\"https:\/\/paul-comm.com\/\">Paul Comm<\/a><\/p><p>H\u00e9bergeur : <b>HOSTINGER<\/b>\u00a0INTERNATIONAL LTD, 61 Lordou Vironos Street, 6023 Larnaca, Chypr<\/p><\/div>\t\t\t\t\t\t<\/div>\n\t\t\t\t<\/div>\n\t\t\t\t\t<\/div>\n\t\t<\/div>\n\t\t\t\t\t\t\t<\/div>\n\t\t<\/section>\n\t\t\t\t\t\t<\/div>\n\t\t\t\t\t<\/div>\n\t\t","protected":false},"excerpt":{"rendered":"<p>Mentions l\u00e9gales\u00a0 En vertu de l\u2019article 6 de la loi n\u00b0 2004-575 du 21 juin 2004 pour la confiance dans l\u2019\u00e9conomie num\u00e9rique, il est pr\u00e9cis\u00e9 aux utilisateurs du site paulcoursimault-drummer.com l\u2019identit\u00e9 des diff\u00e9rents intervenants dans le cadre de sa r\u00e9alisation et de son suivi : Association loi 1901 Propri\u00e9taire : Maxime Giordano \u2013 07 82&hellip;&nbsp;<a href=\"https:\/\/fifes.fr\/mentions-legales\/\" class=\"\" rel=\"bookmark\">Lire la suite &raquo;<span class=\"screen-reader-text\">Mentions l\u00e9gales<\/span><\/a><\/p>\n","protected":false},"author":1,"featured_media":0,"parent":0,"menu_order":0,"comment_status":"closed","ping_status":"closed","template":"page-templates\/template-pagebuilder-full-width.php","meta":{"neve_meta_sidebar":"","neve_meta_container":"","neve_meta_enable_content_width":"","neve_meta_content_width":0,"neve_meta_title_alignment":"","neve_meta_author_avatar":"","neve_post_elements_order":"","neve_meta_disable_header":"","neve_meta_disable_footer":"","neve_meta_disable_title":"","neve_meta_reading_time":"","_ti_tpc_template_sync":false,"_ti_tpc_template_id":""},"uagb_featured_image_src":{"full":false,"thumbnail":false,"medium":false,"medium_large":false,"large":false,"1536x1536":false,"2048x2048":false,"neve-blog":false},"uagb_author_info":{"display_name":"fifescannes@gmail.com","author_link":"https:\/\/fifes.fr\/author\/fifescannesgmail-com\/"},"uagb_comment_info":0,"uagb_excerpt":"Mentions l\u00e9gales\u00a0 En vertu de l\u2019article 6 de la loi n\u00b0 2004-575 du 21 juin 2004 pour la confiance dans l\u2019\u00e9conomie num\u00e9rique, il est pr\u00e9cis\u00e9 aux utilisateurs du site paulcoursimault-drummer.com l\u2019identit\u00e9 des diff\u00e9rents intervenants dans le cadre de sa r\u00e9alisation et de son suivi : Association loi 1901 Propri\u00e9taire : Maxime Giordano \u2013 07 82&hellip;&nbsp;Lire\u2026","_links":{"self":[{"href":"https:\/\/fifes.fr\/wp-json\/wp\/v2\/pages\/1442"}],"collection":[{"href":"https:\/\/fifes.fr\/wp-json\/wp\/v2\/pages"}],"about":[{"href":"https:\/\/fifes.fr\/wp-json\/wp\/v2\/types\/page"}],"author":[{"embeddable":true,"href":"https:\/\/fifes.fr\/wp-json\/wp\/v2\/users\/1"}],"replies":[{"embeddable":true,"href":"https:\/\/fifes.fr\/wp-json\/wp\/v2\/comments?post=1442"}],"version-history":[{"count":12,"href":"https:\/\/fifes.fr\/wp-json\/wp\/v2\/pages\/1442\/revisions"}],"predecessor-version":[{"id":3173,"href":"https:\/\/fifes.fr\/wp-json\/wp\/v2\/pages\/1442\/revisions\/3173"}],"wp:attachment":[{"href":"https:\/\/fifes.fr\/wp-json\/wp\/v2\/media?parent=1442"}],"curies":[{"name":"wp","href":"https:\/\/api.w.org\/{rel}","templated":true}]}}