{"id":14869,"date":"2026-04-22T14:07:41","date_gmt":"2026-04-22T12:07:41","guid":{"rendered":"https:\/\/fifes.org\/youth-project-3\/"},"modified":"2026-05-01T19:37:43","modified_gmt":"2026-05-01T17:37:43","slug":"youth-project-3","status":"publish","type":"page","link":"https:\/\/fifes.org\/en\/youth-project-3\/","title":{"rendered":"Youth Project"},"content":{"rendered":"<div class=\"et_pb_section_0 et_pb_section et_section_regular et_flex_section\">\n<div class=\"et_pb_row_0 et_pb_row et_flex_row\">\n<div class=\"et_pb_column_0 et_pb_column et-last-child et_block_column et_pb_css_mix_blend_mode_passthrough et_flex_column_24_24 et_flex_column_24_24_tablet et_flex_column_24_24_phone\">\n<div class=\"et_pb_text_0 et_pb_text et_pb_bg_layout_light et_pb_module et_flex_module\"><div class=\"et_pb_text_inner\"><h1 style=\"text-align: center;\"><span style=\"color: #000000;\"><strong>Youth project<\/strong><strong><\/strong><\/span><\/h1>\n<h3 style=\"text-align: center;\"><span><strong><span class=\"OYPEnA text-decoration-none text-strikethrough-none\"><span style=\"color: #000000;\"><span class=\"a_GcMg font-feature-liga-off font-feature-clig-off font-feature-calt-off text-decoration-none text-strikethrough-none\">Wednesday May 27 from 6pm to 6:45pm <\/span> - <\/span><span class=\"a_GcMg font-feature-liga-off font-feature-clig-off font-feature-calt-off text-decoration-none text-strikethrough-none\"><span style=\"color: #000000;\">Espace Miramar<\/span><\/span><\/span><\/strong><\/span><\/h3>\n<p style=\"text-align: center;\"><span style=\"color: #000000;\"><strong><span class=\"OYPEnA text-decoration-none text-strikethrough-none\"><span class=\"a_GcMg font-feature-liga-off font-feature-clig-off font-feature-calt-off text-decoration-none text-strikethrough-none\">\u00c0 voix haute: When young people speak out on biodiversity<br \/>\nPerformance by Lyc\u00e9e Bristol students<\/span><\/span><\/strong><\/span><\/p>\n<p><!-- wp:divi\/placeholder --><\/p>\n<p><!-- wp:divi\/section {\"module\":{\"decoration\":{\"background\":{\"desktop\":{\"value\":{\"enableColor\":\"off\",\"color\":\"\",\"gradient\":{\"enabled\":\"on\",\"stops\":[{\"position\":0,\"color\":\"#0db880\"},{\"position\":84,\"color\":\"#ffffff\"}]}}}},\"spacing\":{\"desktop\":{\"value\":{\"padding\":{\"top\":\"50px\",\"right\":\"\",\"bottom\":\"50px\",\"left\":\"\",\"syncVertical\":\"on\",\"syncHorizontal\":\"off\"}}}},\"layout\":{\"desktop\":{\"value\":{\"display\":\"block\"}}}}},\"builderVersion\":\"5.0.0-public-alpha.23\",\"modulePreset\":[\"default\"]} --><\/p>\n<p><!-- wp:divi\/row {\"module\":{\"decoration\":{\"spacing\":{\"desktop\":{\"value\":{\"margin\":{\"top\":\"0px\",\"right\":\"auto\",\"bottom\":\"\",\"left\":\"auto\",\"syncVertical\":\"off\",\"syncHorizontal\":\"off\"},\"padding\":{\"top\":\"6px\",\"right\":\"\",\"bottom\":\"0px\",\"left\":\"\",\"syncVertical\":\"off\",\"syncHorizontal\":\"off\"}}}},\"layout\":{\"desktop\":{\"value\":{\"display\":\"block\"}}}}},\"builderVersion\":\"5.0.0-public-alpha.23\",\"modulePreset\":[\"default\"]} --><\/p>\n<p><!-- wp:divi\/column {\"module\":{\"advanced\":{\"type\":{\"desktop\":{\"value\":\"4_4\"}}},\"decoration\":{\"layout\":{\"desktop\":{\"value\":{\"display\":\"block\"}}}}},\"builderVersion\":\"5.0.0-public-alpha.23\",\"modulePreset\":[\"default\"]} --><\/p>\n<p><!-- wp:divi\/text {\"module\":{\"decoration\":{\"spacing\":{\"desktop\":{\"value\":{\"margin\":{\"top\":\"52px\",\"right\":\"\",\"bottom\":\"66px\",\"left\":\"\",\"syncVertical\":\"off\",\"syncHorizontal\":\"off\"}}}},\"layout\":{\"desktop\":{\"value\":{\"display\":\"block\"}}}}},\"content\":{\"decoration\":{\"headingFont\":{\"h1\":{\"font\":{\"desktop\":{\"value\":{\"size\":\"40px\"}}}}}},\"innerContent\":{\"desktop\":{\"value\":\"\\u003ch1 style=\\u0022text-align: center;\\u0022\\u003e\\u003cspan style=\\u0022color: #000000;\\u0022\\u003e\\u003cstrong\\u003e\\u003cspan class=\\u0022a_GcMg font-feature-liga-off font-feature-clig-off font-feature-calt-off text-decoration-none text-strikethrough-none\\u0022\\u003eProjection hors comp\u00e9tition\\u003c\/span\\u003e\\u003c\/strong\\u003e\\u003c\/span\\u003e\\u003c\/h1\\u003e\\n\\u003ch3 style=\\u0022text-align: center;\\u0022\\u003e\\u003cspan style=\\u0022color: #000000;\\u0022\\u003e\\u003cstrong\\u003e\\u003cspan class=\\u0022OYPEnA text-decoration-none text-strikethrough-none\\u0022 style=\\u0022font-weight: bold; font-style: normal;\\u0022\\u003e\\u003cspan style=\\u0022color: #000000;\\u0022\\u003e\\u003cspan class=\\u0022a_GcMg font-feature-liga-off font-feature-clig-off font-feature-calt-off text-decoration-none text-strikethrough-none\\u0022\\u003eJeudi 28 mai 2026\\u003c\/span\\u003e - \\u003cspan class=\\u0022a_GcMg font-feature-liga-off font-feature-clig-off font-feature-calt-off text-decoration-none text-strikethrough-none\\u0022\\u003eEspace Miramar\\u003c\/span\\u003e\\u003c\/span\\u003e\\u003cbr \/\\u003e\\u003c\/span\\u003e\\u003c\/strong\\u003e\\u003c\/span\\u003e\\u003c\/h3\\u003e\\n\\u003cp\\u003e\\u003cspan style=\\u0022color: #000000;\\u0022\\u003e\\u003cstrong\\u003e\\u003cspan class=\\u0022OYPEnA text-decoration-none text-strikethrough-none\\u0022 style=\\u0022font-weight: bold; font-style: normal;\\u0022\\u003e\\u003cspan style=\\u0022color: #000000;\\u0022\\u003e\\u003cspan class=\\u0022a_GcMg font-feature-liga-off font-feature-clig-off font-feature-calt-off text-decoration-none text-strikethrough-none\\u0022\\u003e\\u003c\/span\\u003e\\u003c\/span\\u003e\\u003c\/span\\u003e\\u003c\/strong\\u003e\\u003c\/span\\u003e\\u003c\/p\\u003e\\n\\u003ch2 style=\\u0022text-align: center;\\u0022\\u003e\\u003cspan style=\\u0022color: #000000;\\u0022\\u003e\\u003cstrong\\u003e\\u003cspan class=\\u0022OYPEnA text-decoration-none text-strikethrough-none\\u0022 style=\\u0022font-weight: bold; font-style: normal;\\u0022\\u003e\\u003cspan class=\\u0022a_GcMg font-feature-liga-off font-feature-clig-off font-feature-calt-off text-decoration-none text-strikethrough-none\\u0022\\u003eEn avant-premi\u00e8re\\u003c\/span\\u003e\\u003c\/span\\u003e\\u003c\/strong\\u003e\\u003c\/span\\u003e\\u003c\/h2\\u003e\"}}},\"builderVersion\":\"5.0.0-public-beta.1\",\"modulePreset\":[\"default\"]} \/--><!-- \/wp:divi\/column --><!-- \/wp:divi\/row --><!-- \/wp:divi\/section --><\/p>\n<p><!-- wp:divi\/section {\"module\":{\"meta\":{\"adminLabel\":{\"desktop\":{\"value\":\"Footer\"}}},\"decoration\":{\"background\":{\"desktop\":{\"value\":{\"color\":\"#ffffff\",\"image\":{\"enabled\":\"off\"}}}},\"zIndex\":{\"desktop\":{\"value\":\"374\"}},\"spacing\":{\"desktop\":{\"value\":{\"margin\":{\"top\":\"-5px\",\"right\":\"\",\"bottom\":\"-24px\",\"left\":\"\",\"syncVertical\":\"off\",\"syncHorizontal\":\"off\"},\"padding\":{\"top\":\"40px\",\"right\":\"\",\"bottom\":\"87px\",\"left\":\"\",\"syncVertical\":\"off\",\"syncHorizontal\":\"off\"}}},\"tablet\":{\"value\":{\"padding\":{\"top\":\"50px\",\"right\":\"\",\"bottom\":\"50px\",\"left\":\"\",\"syncVertical\":\"on\",\"syncHorizontal\":\"off\"}}},\"phone\":{\"value\":{\"padding\":{\"top\":\"30px\",\"right\":\"\",\"bottom\":\"30px\",\"left\":\"\",\"syncVertical\":\"on\",\"syncHorizontal\":\"off\"}}}},\"layout\":{\"desktop\":{\"value\":{\"display\":\"block\"}}}},\"advanced\":{\"dividers\":{\"top\":{\"desktop\":{\"value\":{\"color\":\"#FFFFFF\"}}},\"bottom\":{\"desktop\":{\"value\":{\"style\":\"none\",\"height\":\"60px\"}}}}}},\"builderVersion\":\"5.0.0-public-alpha.23\",\"modulePreset\":[\"default\"],\"nextBackgroundColor\":{\"desktop\":{\"value\":\"#FFFFFF\"}},\"locked\":{\"desktop\":{\"value\":\"off\"}}} --><\/p>\n<p><!-- wp:divi\/row {\"module\":{\"advanced\":{\"columnStructure\":{\"desktop\":{\"value\":\"3_5,2_5\"}}},\"decoration\":{\"spacing\":{\"desktop\":{\"value\":{\"margin\":{\"top\":\"\",\"right\":\"auto\",\"bottom\":\"20px\",\"left\":\"auto\",\"syncVertical\":\"off\",\"syncHorizontal\":\"off\"}}}},\"layout\":{\"desktop\":{\"value\":{\"display\":\"block\"}}}}},\"builderVersion\":\"5.0.0-public-alpha.23\",\"modulePreset\":[\"default\"]} --><\/p>\n<p><!-- wp:divi\/column {\"module\":{\"advanced\":{\"type\":{\"desktop\":{\"value\":\"3_5\"}}},\"decoration\":{\"layout\":{\"desktop\":{\"value\":{\"display\":\"block\"}}}}},\"builderVersion\":\"5.0.0-public-alpha.23\",\"modulePreset\":[\"default\"]} --><\/p>\n<p><!-- wp:divi\/text {\"module\":{\"decoration\":{\"layout\":{\"desktop\":{\"value\":{\"display\":\"block\"}}}}},\"content\":{\"decoration\":{\"bodyFont\":{\"body\":{\"font\":{\"desktop\":{\"value\":{\"color\":\"#000000\"}}}}}},\"innerContent\":{\"desktop\":{\"value\":\"\\u003ch3\\u003e\\u003cb\\u003eFaites entrer la nature\\u003c\/b\\u003e\\u003c\/h3\\u003e\\n\\u003cp\\u003e\\u003cstrong\\u003e L\u00e9a Ducr\u00e9\\u003c\/strong\\u003e\\u003cbr \/\\u003e\\u003cstrong\\u003eDocumentaire - 53 min - France - 2025\\u003c\/strong\\u003e\\u003c\/p\\u003e\\n\\u003cp style=\\u0022text-align: justify;\\u0022\\u003eMarine Calmet, juriste pionni\u00e8re des droits de la nature, pr\u00e9pare un recours in\u00e9dit contre l'\u00c9tat fran\u00e7ais suite \u00e0 l'abattage de plus de 800 requins \u00e0 La R\u00e9union depuis 2014. Aux c\u00f4t\u00e9s de l'oc\u00e9anographe Fran\u00e7ois Sarano et du militant Didier D\u00e9rand, elle organise un proc\u00e8s simul\u00e9 o\u00f9 des \u00e9tudiants en droit d\u00e9veloppent les arguments du futur recours.\\u003cbr \/\\u003eL'objectif : faire reconna\u00eetre une personnalit\u00e9 juridique \u00e0 l'oc\u00e9an et pousser le juge \u00e0 condamner cet abattage. Tout converge lors de la Conf\u00e9rence des Nations Unies sur l'Oc\u00e9an en France, o\u00f9 Marine tente de rallier les ONG mondiales pour faire des oc\u00e9ans les nouveaux sujets de droit du XXIe si\u00e8cle.\\u003c\/p\\u003e\"}}},\"builderVersion\":\"5.0.0-public-beta.1\",\"modulePreset\":[\"default\"]} \/--><!-- \/wp:divi\/column --><\/p>\n<\/div><\/div>\n<\/div>\n<\/div>\n<\/div>\n\n<div class=\"et_pb_section_1 et_pb_section et_section_regular et_flex_section\">\n<div class=\"et_pb_row_1 et_pb_row et_flex_row\">\n<div class=\"et_pb_column_1 et_pb_column et_flex_column et_pb_css_mix_blend_mode_passthrough et_flex_column_12_24 et_flex_column_12_24_tablet et_flex_column_24_24_phone\">\n<div class=\"et_pb_text_1 et_pb_text et_pb_bg_layout_light et_pb_module et_flex_module\"><div class=\"et_pb_text_inner\"><p style=\"text-align: justify;\"><span style=\"color: #000000;\">Accompanied by their teacher Romain Gimenes, the Lyc\u00e9e Bristol's second-year students are putting on a unique stage performance in which the vocalization of committed texts will be accompanied by images and sounds in the background. Everything said and shown on stage will have been created by the students themselves. <\/span><\/p>\n<p style=\"text-align: justify;\"><span style=\"color: #000000;\">Following in the footsteps of Sylvain Tesson's literary work, students will propose a reading of various texts they have written, crossing genres: narrative, speech, letter, diary, poem. These texts will be structured around the ecological and social theme of biodiversity. <\/span><\/p>\n<p style=\"text-align: justify;\"><span style=\"color: #000000;\">Each speech, whether by a group or an individual, will be accompanied by an image or sound captured by the students in the Cannes area. These visual and sound elements can illustrate the texts on biodiversity, but also enter into dialogue with the <\/span><span style=\"color: #000000;\">This is done by creating a transition between the different voices.<\/span><\/p>\n<\/div><\/div>\n<\/div>\n\n<div class=\"et_pb_column_2 et_pb_column et-last-child et_flex_column et_pb_css_mix_blend_mode_passthrough et_flex_column_12_24 et_flex_column_12_24_tablet et_flex_column_24_24_phone\">\n<div class=\"et_pb_image_0 et_pb_image et_pb_module et_flex_module\"><span class=\"et_pb_image_wrap\"><img loading=\"lazy\" decoding=\"async\" src=\"\/wp-content\/uploads\/2026\/04\/projet-jeunesse-fifes-2026.jpg\" title=\"projet-jeunesse-fifes-2026\" width=\"900\" height=\"687\" srcset=\"\/wp-content\/uploads\/2026\/04\/projet-jeunesse-fifes-2026.jpg 900w, \/wp-content\/uploads\/2026\/04\/projet-jeunesse-fifes-2026-480x366.jpg 480w\" sizes=\"(min-width: 0px) and (max-width: 480px) 480px, (min-width: 481px) 900px, 100vw\" class=\"wp-image-14650\" \/><\/span><\/div>\n<\/div>\n<\/div>\n<\/div>","protected":false},"excerpt":{"rendered":"","protected":false},"author":1,"featured_media":0,"parent":0,"menu_order":0,"comment_status":"closed","ping_status":"closed","template":"","meta":{"_price":"","_stock":"","_tribe_ticket_header":"","_tribe_default_ticket_provider":"","_tribe_ticket_capacity":"0","_ticket_start_date":"","_ticket_end_date":"","_tribe_ticket_show_description":"","_tribe_ticket_show_not_going":false,"_tribe_ticket_use_global_stock":"","_tribe_ticket_global_stock_level":"","_global_stock_mode":"","_global_stock_cap":"","_tribe_rsvp_for_event":"","_tribe_ticket_going_count":"","_tribe_ticket_not_going_count":"","_tribe_tickets_list":"[]","_tribe_ticket_has_attendee_info_fields":false,"footnotes":"","_tec_slr_enabled":"","_tec_slr_layout":""},"class_list":["post-14869","page","type-page","status-publish","hentry"],"yoast_head":"<!-- This site is optimized with the Yoast SEO plugin v27.6 - https:\/\/yoast.com\/product\/yoast-seo-wordpress\/ -->\n<title>Youth Project - Fifes - Festival Internation du Film Ecologique et Social<\/title>\n<meta name=\"robots\" content=\"index, follow, max-snippet:-1, max-image-preview:large, max-video-preview:-1\" \/>\n<link rel=\"canonical\" href=\"https:\/\/fifes.org\/en\/?page_id=14869\" \/>\n<meta property=\"og:locale\" content=\"en_US\" \/>\n<meta property=\"og:type\" content=\"article\" \/>\n<meta property=\"og:title\" content=\"Youth Project - Fifes - Festival Internation du Film Ecologique et Social\" \/>\n<meta property=\"og:url\" content=\"https:\/\/fifes.org\/en\/?page_id=14869\" \/>\n<meta property=\"og:site_name\" content=\"Fifes - Festival Internation du Film Ecologique et Social\" \/>\n<meta property=\"article:publisher\" content=\"https:\/\/www.facebook.com\/fifescannes\" \/>\n<meta property=\"article:modified_time\" content=\"2026-05-01T17:37:43+00:00\" \/>\n<meta name=\"twitter:card\" content=\"summary_large_image\" \/>\n<script type=\"application\/ld+json\" class=\"yoast-schema-graph\">{\"@context\":\"https:\\\/\\\/schema.org\",\"@graph\":[{\"@type\":\"WebPage\",\"@id\":\"https:\\\/\\\/fifes.org\\\/en\\\/?page_id=14869\",\"url\":\"https:\\\/\\\/fifes.org\\\/en\\\/?page_id=14869\",\"name\":\"Youth Project - Fifes - Festival Internation du Film Ecologique et Social\",\"isPartOf\":{\"@id\":\"https:\\\/\\\/fifes.org\\\/#website\"},\"datePublished\":\"2026-04-22T12:07:41+00:00\",\"dateModified\":\"2026-05-01T17:37:43+00:00\",\"breadcrumb\":{\"@id\":\"https:\\\/\\\/fifes.org\\\/en\\\/?page_id=14869#breadcrumb\"},\"inLanguage\":\"en-US\",\"potentialAction\":[{\"@type\":\"ReadAction\",\"target\":[\"https:\\\/\\\/fifes.org\\\/en\\\/?page_id=14869\"]}]},{\"@type\":\"BreadcrumbList\",\"@id\":\"https:\\\/\\\/fifes.org\\\/en\\\/?page_id=14869#breadcrumb\",\"itemListElement\":[{\"@type\":\"ListItem\",\"position\":1,\"name\":\"Accueil\",\"item\":\"https:\\\/\\\/fifes.org\\\/en\\\/\"},{\"@type\":\"ListItem\",\"position\":2,\"name\":\"Youth Project\"}]},{\"@type\":\"WebSite\",\"@id\":\"https:\\\/\\\/fifes.org\\\/#website\",\"url\":\"https:\\\/\\\/fifes.org\\\/\",\"name\":\"Fifes - Festival Internation du Film Ecologique et Social\",\"description\":\"Venez \u00e0 la rencontre d\u2019un festival qui vous ressemble et qui nous rassemble !\",\"publisher\":{\"@id\":\"https:\\\/\\\/fifes.org\\\/#organization\"},\"alternateName\":\"F.I.F.E.S.\",\"potentialAction\":[{\"@type\":\"SearchAction\",\"target\":{\"@type\":\"EntryPoint\",\"urlTemplate\":\"https:\\\/\\\/fifes.org\\\/?s={search_term_string}\"},\"query-input\":{\"@type\":\"PropertyValueSpecification\",\"valueRequired\":true,\"valueName\":\"search_term_string\"}}],\"inLanguage\":\"en-US\"},{\"@type\":\"Organization\",\"@id\":\"https:\\\/\\\/fifes.org\\\/#organization\",\"name\":\"Festival International du Film Ecologique et Social\",\"alternateName\":\"F.I.F.E.S.\",\"url\":\"https:\\\/\\\/fifes.org\\\/\",\"logo\":{\"@type\":\"ImageObject\",\"inLanguage\":\"en-US\",\"@id\":\"https:\\\/\\\/fifes.org\\\/#\\\/schema\\\/logo\\\/image\\\/\",\"url\":\"https:\\\/\\\/fifes.org\\\/wp-content\\\/uploads\\\/2022\\\/12\\\/Logo-2023-480px-e1671803170434.png\",\"contentUrl\":\"https:\\\/\\\/fifes.org\\\/wp-content\\\/uploads\\\/2022\\\/12\\\/Logo-2023-480px-e1671803170434.png\",\"width\":200,\"height\":188,\"caption\":\"Festival International du Film Ecologique et Social\"},\"image\":{\"@id\":\"https:\\\/\\\/fifes.org\\\/#\\\/schema\\\/logo\\\/image\\\/\"},\"sameAs\":[\"https:\\\/\\\/www.facebook.com\\\/fifescannes\",\"https:\\\/\\\/www.instagram.com\\\/fifescannes\\\/?hl=fr\"]}]}<\/script>\n<!-- \/ Yoast SEO plugin. -->","yoast_head_json":{"title":"Youth Project - Fifes - Festival Internation du Film Ecologique et Social","robots":{"index":"index","follow":"follow","max-snippet":"max-snippet:-1","max-image-preview":"max-image-preview:large","max-video-preview":"max-video-preview:-1"},"canonical":"https:\/\/fifes.org\/en\/?page_id=14869","og_locale":"en_US","og_type":"article","og_title":"Youth Project - Fifes - Festival Internation du Film Ecologique et Social","og_url":"https:\/\/fifes.org\/en\/?page_id=14869","og_site_name":"Fifes - Festival Internation du Film Ecologique et Social","article_publisher":"https:\/\/www.facebook.com\/fifescannes","article_modified_time":"2026-05-01T17:37:43+00:00","twitter_card":"summary_large_image","schema":{"@context":"https:\/\/schema.org","@graph":[{"@type":"WebPage","@id":"https:\/\/fifes.org\/en\/?page_id=14869","url":"https:\/\/fifes.org\/en\/?page_id=14869","name":"Youth Project - Fifes - Festival Internation du Film Ecologique et Social","isPartOf":{"@id":"https:\/\/fifes.org\/#website"},"datePublished":"2026-04-22T12:07:41+00:00","dateModified":"2026-05-01T17:37:43+00:00","breadcrumb":{"@id":"https:\/\/fifes.org\/en\/?page_id=14869#breadcrumb"},"inLanguage":"en-US","potentialAction":[{"@type":"ReadAction","target":["https:\/\/fifes.org\/en\/?page_id=14869"]}]},{"@type":"BreadcrumbList","@id":"https:\/\/fifes.org\/en\/?page_id=14869#breadcrumb","itemListElement":[{"@type":"ListItem","position":1,"name":"Accueil","item":"https:\/\/fifes.org\/en\/"},{"@type":"ListItem","position":2,"name":"Youth Project"}]},{"@type":"WebSite","@id":"https:\/\/fifes.org\/#website","url":"https:\/\/fifes.org\/","name":"Fifes - Festival Internation du Film Ecologique et Social","description":"Venez \u00e0 la rencontre d\u2019un festival qui vous ressemble et qui nous rassemble !","publisher":{"@id":"https:\/\/fifes.org\/#organization"},"alternateName":"F.I.F.E.S.","potentialAction":[{"@type":"SearchAction","target":{"@type":"EntryPoint","urlTemplate":"https:\/\/fifes.org\/?s={search_term_string}"},"query-input":{"@type":"PropertyValueSpecification","valueRequired":true,"valueName":"search_term_string"}}],"inLanguage":"en-US"},{"@type":"Organization","@id":"https:\/\/fifes.org\/#organization","name":"Festival International du Film Ecologique et Social","alternateName":"F.I.F.E.S.","url":"https:\/\/fifes.org\/","logo":{"@type":"ImageObject","inLanguage":"en-US","@id":"https:\/\/fifes.org\/#\/schema\/logo\/image\/","url":"https:\/\/fifes.org\/wp-content\/uploads\/2022\/12\/Logo-2023-480px-e1671803170434.png","contentUrl":"https:\/\/fifes.org\/wp-content\/uploads\/2022\/12\/Logo-2023-480px-e1671803170434.png","width":200,"height":188,"caption":"Festival International du Film Ecologique et Social"},"image":{"@id":"https:\/\/fifes.org\/#\/schema\/logo\/image\/"},"sameAs":["https:\/\/www.facebook.com\/fifescannes","https:\/\/www.instagram.com\/fifescannes\/?hl=fr"]}]}},"ticketed":false,"_links":{"self":[{"href":"https:\/\/fifes.org\/en\/wp-json\/wp\/v2\/pages\/14869","targetHints":{"allow":["GET"]}}],"collection":[{"href":"https:\/\/fifes.org\/en\/wp-json\/wp\/v2\/pages"}],"about":[{"href":"https:\/\/fifes.org\/en\/wp-json\/wp\/v2\/types\/page"}],"author":[{"embeddable":true,"href":"https:\/\/fifes.org\/en\/wp-json\/wp\/v2\/users\/1"}],"replies":[{"embeddable":true,"href":"https:\/\/fifes.org\/en\/wp-json\/wp\/v2\/comments?post=14869"}],"version-history":[{"count":2,"href":"https:\/\/fifes.org\/en\/wp-json\/wp\/v2\/pages\/14869\/revisions"}],"predecessor-version":[{"id":14872,"href":"https:\/\/fifes.org\/en\/wp-json\/wp\/v2\/pages\/14869\/revisions\/14872"}],"wp:attachment":[{"href":"https:\/\/fifes.org\/en\/wp-json\/wp\/v2\/media?parent=14869"}],"curies":[{"name":"wp","href":"https:\/\/api.w.org\/{rel}","templated":true}]}}