{"id":12223,"date":"2026-02-23T11:50:10","date_gmt":"2026-02-23T10:50:10","guid":{"rendered":"https:\/\/fifes.org\/edition-4-presentation\/editorial-by-marie-dominique-michaud\/"},"modified":"2026-02-23T11:58:23","modified_gmt":"2026-02-23T10:58:23","slug":"editorial-by-marie-dominique-michaud","status":"publish","type":"page","link":"https:\/\/fifes.org\/en\/edition-4-presentation\/editorial-by-marie-dominique-michaud\/","title":{"rendered":"Editorial by Marie-Dominique Michaud"},"content":{"rendered":"<p>[et_pb_section fb_built=&#8221;1&#8243; _builder_version=&#8221;4.27.5&#8243; _module_preset=&#8221;default&#8221; background_color=&#8221;#07ad76&#8243; use_background_color_gradient=&#8221;on&#8221; background_color_gradient_stops=&#8221;#00efc9 1%|#ffffff 100%&#8221; custom_padding=&#8221;50px||50px||true|&#8221; global_colors_info=&#8221;{}&#8221;][et_pb_row _builder_version=&#8221;4.24.2&#8243; _module_preset=&#8221;default&#8221; custom_margin=&#8221;4px|auto||auto||&#8221; custom_padding=&#8221;10px||4px|||&#8221; global_colors_info=&#8221;{}&#8221;][et_pb_column type=&#8221;4_4&#8243; _builder_version=&#8221;4.24.2&#8243; _module_preset=&#8221;default&#8221; global_colors_info=&#8221;{}&#8221;][et_pb_text _builder_version=&#8221;4.27.5&#8243; _module_preset=&#8221;default&#8221; header_font_size=&#8221;40px&#8221; hover_enabled=&#8221;0&#8243; global_colors_info=&#8221;{}&#8221; sticky_enabled=&#8221;0&#8243;]<\/p>\n<h1 style=\"text-align: center;\"><span style=\"color: #ffffff;\"><strong><span style=\"color: #000000;\">Editorial by<\/span> Marie-Dominique Michaud  <br \/><\/strong><\/span><span style=\"color: #000000;\"><strong><span class=\"OYPEnA text-decoration-none text-strikethrough-none\" style=\"font-weight: bold; font-style: normal;\"><\/span><\/strong><\/span><\/h1>\n<p style=\"text-align: center;\"><span style=\"color: #000000;\"><strong><span class=\"OYPEnA text-decoration-none text-strikethrough-none\" style=\"font-weight: bold; font-style: normal;\">Jury President<br \/><\/span><\/strong><\/span><\/p>\n<p>[\/et_pb_text][\/et_pb_column][\/et_pb_row][\/et_pb_section][et_pb_section fb_built=&#8221;1&#8243; _builder_version=&#8221;4.24.2&#8243; _module_preset=&#8221;default&#8221; custom_padding=&#8221;||120px|||&#8221; global_colors_info=&#8221;{}&#8221;][et_pb_row column_structure=&#8221;2_5,3_5&#8243; _builder_version=&#8221;4.24.2&#8243; _module_preset=&#8221;default&#8221; max_width=&#8221;1280px&#8221; global_colors_info=&#8221;{}&#8221;][et_pb_column type=&#8221;2_5&#8243; _builder_version=&#8221;4.24.2&#8243; _module_preset=&#8221;default&#8221; global_colors_info=&#8221;{}&#8221;][et_pb_image src=&#8221;\/wp-content\/uploads\/2026\/02\/Marie-Dominique-Michaud.png&#8221; title_text=&#8221;Marie-Dominique-Michaud&#8221; _builder_version=&#8221;4.27.5&#8243; _module_preset=&#8221;default&#8221; width=&#8221;75%&#8221; max_width=&#8221;75%&#8221; custom_margin=&#8221;-12px|||||&#8221; hover_enabled=&#8221;0&#8243; global_colors_info=&#8221;{}&#8221; sticky_enabled=&#8221;0&#8243;][\/et_pb_image][\/et_pb_column][et_pb_column type=&#8221;3_5&#8243; _builder_version=&#8221;4.24.2&#8243; _module_preset=&#8221;default&#8221; global_colors_info=&#8221;{}&#8221;][et_pb_text _builder_version=&#8221;4.27.5&#8243; _module_preset=&#8221;default&#8221; hover_enabled=&#8221;0&#8243; global_colors_info=&#8221;{}&#8221; sticky_enabled=&#8221;0&#8243;]<\/p>\n<p class=\"cvGsUA direction-ltr align-justify para-style-body\" style=\"text-align: justify;\"><strong><em><span class=\"a_GcMg font-feature-liga-off font-feature-clig-off font-feature-calt-off text-decoration-none text-strikethrough-none\">&#8220;I was touched and honored to be named president of the FIFES 2026 jury. I sincerely thank the festival team for its confidence, as well as the jury members who are accompanying me in this edition.&#8221;<\/span><\/em><\/strong><\/p>\n<p class=\"cvGsUA direction-ltr align-justify para-style-body\" style=\"text-align: justify;\"><span class=\"a_GcMg font-feature-liga-off font-feature-clig-off font-feature-calt-off text-decoration-none text-strikethrough-none\" style=\"color: #000000;\">I approach this role with humility and seriousness, aware that the stories and accounts we will have the privilege of discovering are the fruit of a patient commitment, often carried out against the current, carried by a lucid look at the complex issues and colossal challenges of our time, as well as by a deep desire to bear witness and pass on.<\/span><\/p>\n<p class=\"cvGsUA direction-ltr align-justify para-style-body\" style=\"text-align: justify;\"><span class=\"a_GcMg font-feature-liga-off font-feature-clig-off font-feature-calt-off text-decoration-none text-strikethrough-none\" style=\"color: #000000;\"><span class=\"a_GcMg font-feature-liga-off font-feature-clig-off font-feature-calt-off text-decoration-none text-strikethrough-none\">The FIFES offers these works a rare space: a place for listening, resonance and dialogue, free from both simplism and the spectacular. A space that allows films to exist in all their complexity. I&#8217;m looking forward to viewing this year&#8217;s shortlisted projects alongside the other members of the jury. The exchanges to come, nourished by the diversity of our sensibilities and backgrounds, will be an integral part of this experience.   <\/span><\/span><\/p>\n<p>[\/et_pb_text][\/et_pb_column][\/et_pb_row][et_pb_row _builder_version=&#8221;4.24.2&#8243; _module_preset=&#8221;default&#8221; max_width=&#8221;1280px&#8221; custom_margin=&#8221;|auto|46px|auto||&#8221; custom_padding=&#8221;4px||0px|||&#8221; global_colors_info=&#8221;{}&#8221;][et_pb_column type=&#8221;4_4&#8243; _builder_version=&#8221;4.24.2&#8243; _module_preset=&#8221;default&#8221; global_colors_info=&#8221;{}&#8221;][et_pb_text _builder_version=&#8221;4.27.5&#8243; _module_preset=&#8221;default&#8221; hover_enabled=&#8221;0&#8243; global_colors_info=&#8221;{}&#8221; sticky_enabled=&#8221;0&#8243;]<\/p>\n<p class=\"cvGsUA direction-ltr align-justify para-style-body\"><span class=\"a_GcMg font-feature-liga-off font-feature-clig-off font-feature-calt-off text-decoration-none text-strikethrough-none\">The FIFES holds a special place in my career. In 2024, L&#8217;Oc\u00e9an vu du c\u0153ur was awarded the Coup de c\u0153ur prize. This film will forever be associated with the presence, benevolence and commitment of the late Hubert Reeves, so dear to my heart. His unique talent for making science accessible in a poetic and responsible way, his constant fight to protect biodiversity and his deeply embodied humanism have made a lasting impression on millions of people, far beyond scientific or activist circles. I often remember the phrase he used to repeat: &#8220;If we say that everything is ruined, then everything is ruined. We have to act as if we&#8217;re going to make it, with the obstinacy of a child who says no.&#8221; This obstinacy resonates with particular force today.    <\/span><\/p>\n<p class=\"cvGsUA direction-ltr align-justify para-style-body\"><span class=\"a_GcMg font-feature-liga-off font-feature-clig-off font-feature-calt-off text-decoration-none text-strikethrough-none\">At a time when the collapse of the living world, social inequalities and political tensions cut across every territory and every life, it would be an illusion to pretend that these upheavals don&#8217;t affect us profoundly. There&#8217;s plenty to feel upset about, and sometimes discouraged. Against this backdrop, I believe it is essential to discover these stories. These films remind us that we are not alone in refusing to be indifferent, nor in wanting a better society that is demanding and clear-sighted, and that lives up to what we believe is still possible.   <\/span><span class=\"a_GcMg font-feature-liga-off font-feature-clig-off font-feature-calt-off text-decoration-none text-strikethrough-none white-space-prewrap\"> <\/span><\/p>\n<p class=\"cvGsUA direction-ltr align-justify para-style-body\"><span class=\"a_GcMg font-feature-liga-off font-feature-clig-off font-feature-calt-off text-decoration-none text-strikethrough-none\">So it&#8217;s with great gratitude that I&#8217;ll be taking part in this 2026 edition, to contribute with attention and high standards, alongside the members of the jury, the festival team, the filmmakers and the public.<\/span><\/p>\n<p class=\"cvGsUA direction-ltr align-justify para-style-body\" style=\"text-align: right;\"><strong><span class=\"a_GcMg font-feature-liga-off font-feature-clig-off font-feature-calt-off text-decoration-none text-strikethrough-none\" style=\"color: #000000;\"><span class=\"a_GcMg font-feature-liga-off font-feature-clig-off font-feature-calt-off text-decoration-none text-strikethrough-none\">Marie-Dominique Michaud<br \/><\/span><\/span><\/strong><span class=\"a_GcMg font-feature-liga-off font-feature-clig-off font-feature-calt-off text-decoration-none text-strikethrough-none\" style=\"color: #000000;\"><span class=\"a_GcMg font-feature-liga-off font-feature-clig-off font-feature-calt-off text-decoration-none text-strikethrough-none\">Producer, designer and director<\/span><\/span><\/p>\n<p>[\/et_pb_text][\/et_pb_column][\/et_pb_row][\/et_pb_section]<\/p>\n","protected":false},"excerpt":{"rendered":"<p>Editorial by Marie-Dominique Michaud Jury President&#8221;I was touched and honored to be named president of the FIFES 2026 jury. I sincerely thank the festival team for its confidence, as well [&hellip;]<\/p>\n","protected":false},"author":6,"featured_media":0,"parent":6510,"menu_order":0,"comment_status":"closed","ping_status":"closed","template":"","meta":{"_et_pb_use_builder":"on","_et_pb_old_content":"","_et_gb_content_width":"","_price":"","_stock":"","_tribe_ticket_header":"","_tribe_default_ticket_provider":"","_tribe_ticket_capacity":"0","_ticket_start_date":"","_ticket_end_date":"","_tribe_ticket_show_description":"","_tribe_ticket_show_not_going":false,"_tribe_ticket_use_global_stock":"","_tribe_ticket_global_stock_level":"","_global_stock_mode":"","_global_stock_cap":"","_tribe_rsvp_for_event":"","_tribe_ticket_going_count":"","_tribe_ticket_not_going_count":"","_tribe_tickets_list":"[]","_tribe_ticket_has_attendee_info_fields":false,"footnotes":"","_tec_slr_enabled":"","_tec_slr_layout":""},"class_list":["post-12223","page","type-page","status-publish","hentry"],"yoast_head":"<!-- This site is optimized with the Yoast SEO plugin v27.3 - https:\/\/yoast.com\/product\/yoast-seo-wordpress\/ -->\n<title>Editorial by Marie-Dominique Michaud - Fifes - Festival Internation du Film Ecologique et Social<\/title>\n<meta name=\"robots\" content=\"index, follow, max-snippet:-1, max-image-preview:large, max-video-preview:-1\" \/>\n<link rel=\"canonical\" href=\"https:\/\/fifes.org\/edition-4-presentation\/edito-de-marie-dominique-michaud\/\" \/>\n<meta property=\"og:locale\" content=\"en_US\" \/>\n<meta property=\"og:type\" content=\"article\" \/>\n<meta property=\"og:title\" content=\"Editorial by Marie-Dominique Michaud - Fifes - Festival Internation du Film Ecologique et Social\" \/>\n<meta property=\"og:description\" content=\"Editorial by Marie-Dominique Michaud Jury President&quot;I was touched and honored to be named president of the FIFES 2026 jury. I sincerely thank the festival team for its confidence, as well [&hellip;]\" \/>\n<meta property=\"og:url\" content=\"https:\/\/fifes.org\/edition-4-presentation\/edito-de-marie-dominique-michaud\/\" \/>\n<meta property=\"og:site_name\" content=\"Fifes - Festival Internation du Film Ecologique et Social\" \/>\n<meta property=\"article:publisher\" content=\"https:\/\/www.facebook.com\/fifescannes\" \/>\n<meta property=\"article:modified_time\" content=\"2026-02-23T10:58:23+00:00\" \/>\n<meta name=\"twitter:card\" content=\"summary_large_image\" \/>\n<meta name=\"twitter:label1\" content=\"Est. reading time\" \/>\n\t<meta name=\"twitter:data1\" content=\"4 minutes\" \/>\n<script type=\"application\/ld+json\" class=\"yoast-schema-graph\">{\"@context\":\"https:\\\/\\\/schema.org\",\"@graph\":[{\"@type\":\"WebPage\",\"@id\":\"https:\\\/\\\/fifes.org\\\/edition-4-presentation\\\/edito-de-marie-dominique-michaud\\\/\",\"url\":\"https:\\\/\\\/fifes.org\\\/edition-4-presentation\\\/edito-de-marie-dominique-michaud\\\/\",\"name\":\"Editorial by Marie-Dominique Michaud - Fifes - Festival Internation du Film Ecologique et Social\",\"isPartOf\":{\"@id\":\"https:\\\/\\\/fifes.org\\\/#website\"},\"datePublished\":\"2026-02-23T10:50:10+00:00\",\"dateModified\":\"2026-02-23T10:58:23+00:00\",\"breadcrumb\":{\"@id\":\"https:\\\/\\\/fifes.org\\\/edition-4-presentation\\\/edito-de-marie-dominique-michaud\\\/#breadcrumb\"},\"inLanguage\":\"en-US\",\"potentialAction\":[{\"@type\":\"ReadAction\",\"target\":[\"https:\\\/\\\/fifes.org\\\/edition-4-presentation\\\/edito-de-marie-dominique-michaud\\\/\"]}]},{\"@type\":\"BreadcrumbList\",\"@id\":\"https:\\\/\\\/fifes.org\\\/edition-4-presentation\\\/edito-de-marie-dominique-michaud\\\/#breadcrumb\",\"itemListElement\":[{\"@type\":\"ListItem\",\"position\":1,\"name\":\"Accueil\",\"item\":\"https:\\\/\\\/fifes.org\\\/en\\\/\"},{\"@type\":\"ListItem\",\"position\":2,\"name\":\"Edition #4 - Presentation\",\"item\":\"https:\\\/\\\/fifes.org\\\/edition-4-presentation\\\/\"},{\"@type\":\"ListItem\",\"position\":3,\"name\":\"Editorial by Marie-Dominique Michaud\"}]},{\"@type\":\"WebSite\",\"@id\":\"https:\\\/\\\/fifes.org\\\/#website\",\"url\":\"https:\\\/\\\/fifes.org\\\/\",\"name\":\"Fifes - Festival Internation du Film Ecologique et Social\",\"description\":\"Venez \u00e0 la rencontre d\u2019un festival qui vous ressemble et qui nous rassemble !\",\"publisher\":{\"@id\":\"https:\\\/\\\/fifes.org\\\/#organization\"},\"alternateName\":\"F.I.F.E.S.\",\"potentialAction\":[{\"@type\":\"SearchAction\",\"target\":{\"@type\":\"EntryPoint\",\"urlTemplate\":\"https:\\\/\\\/fifes.org\\\/?s={search_term_string}\"},\"query-input\":{\"@type\":\"PropertyValueSpecification\",\"valueRequired\":true,\"valueName\":\"search_term_string\"}}],\"inLanguage\":\"en-US\"},{\"@type\":\"Organization\",\"@id\":\"https:\\\/\\\/fifes.org\\\/#organization\",\"name\":\"Festival International du Film Ecologique et Social\",\"alternateName\":\"F.I.F.E.S.\",\"url\":\"https:\\\/\\\/fifes.org\\\/\",\"logo\":{\"@type\":\"ImageObject\",\"inLanguage\":\"en-US\",\"@id\":\"https:\\\/\\\/fifes.org\\\/#\\\/schema\\\/logo\\\/image\\\/\",\"url\":\"https:\\\/\\\/fifes.org\\\/wp-content\\\/uploads\\\/2022\\\/12\\\/Logo-2023-480px-e1671803170434.png\",\"contentUrl\":\"https:\\\/\\\/fifes.org\\\/wp-content\\\/uploads\\\/2022\\\/12\\\/Logo-2023-480px-e1671803170434.png\",\"width\":200,\"height\":188,\"caption\":\"Festival International du Film Ecologique et Social\"},\"image\":{\"@id\":\"https:\\\/\\\/fifes.org\\\/#\\\/schema\\\/logo\\\/image\\\/\"},\"sameAs\":[\"https:\\\/\\\/www.facebook.com\\\/fifescannes\",\"https:\\\/\\\/www.instagram.com\\\/fifescannes\\\/?hl=fr\"]}]}<\/script>\n<!-- \/ Yoast SEO plugin. -->","yoast_head_json":{"title":"Editorial by Marie-Dominique Michaud - Fifes - Festival Internation du Film Ecologique et Social","robots":{"index":"index","follow":"follow","max-snippet":"max-snippet:-1","max-image-preview":"max-image-preview:large","max-video-preview":"max-video-preview:-1"},"canonical":"https:\/\/fifes.org\/edition-4-presentation\/edito-de-marie-dominique-michaud\/","og_locale":"en_US","og_type":"article","og_title":"Editorial by Marie-Dominique Michaud - Fifes - Festival Internation du Film Ecologique et Social","og_description":"Editorial by Marie-Dominique Michaud Jury President\"I was touched and honored to be named president of the FIFES 2026 jury. I sincerely thank the festival team for its confidence, as well [&hellip;]","og_url":"https:\/\/fifes.org\/edition-4-presentation\/edito-de-marie-dominique-michaud\/","og_site_name":"Fifes - Festival Internation du Film Ecologique et Social","article_publisher":"https:\/\/www.facebook.com\/fifescannes","article_modified_time":"2026-02-23T10:58:23+00:00","twitter_card":"summary_large_image","twitter_misc":{"Est. reading time":"4 minutes"},"schema":{"@context":"https:\/\/schema.org","@graph":[{"@type":"WebPage","@id":"https:\/\/fifes.org\/edition-4-presentation\/edito-de-marie-dominique-michaud\/","url":"https:\/\/fifes.org\/edition-4-presentation\/edito-de-marie-dominique-michaud\/","name":"Editorial by Marie-Dominique Michaud - Fifes - Festival Internation du Film Ecologique et Social","isPartOf":{"@id":"https:\/\/fifes.org\/#website"},"datePublished":"2026-02-23T10:50:10+00:00","dateModified":"2026-02-23T10:58:23+00:00","breadcrumb":{"@id":"https:\/\/fifes.org\/edition-4-presentation\/edito-de-marie-dominique-michaud\/#breadcrumb"},"inLanguage":"en-US","potentialAction":[{"@type":"ReadAction","target":["https:\/\/fifes.org\/edition-4-presentation\/edito-de-marie-dominique-michaud\/"]}]},{"@type":"BreadcrumbList","@id":"https:\/\/fifes.org\/edition-4-presentation\/edito-de-marie-dominique-michaud\/#breadcrumb","itemListElement":[{"@type":"ListItem","position":1,"name":"Accueil","item":"https:\/\/fifes.org\/en\/"},{"@type":"ListItem","position":2,"name":"Edition #4 - Presentation","item":"https:\/\/fifes.org\/edition-4-presentation\/"},{"@type":"ListItem","position":3,"name":"Editorial by Marie-Dominique Michaud"}]},{"@type":"WebSite","@id":"https:\/\/fifes.org\/#website","url":"https:\/\/fifes.org\/","name":"Fifes - Festival Internation du Film Ecologique et Social","description":"Venez \u00e0 la rencontre d\u2019un festival qui vous ressemble et qui nous rassemble !","publisher":{"@id":"https:\/\/fifes.org\/#organization"},"alternateName":"F.I.F.E.S.","potentialAction":[{"@type":"SearchAction","target":{"@type":"EntryPoint","urlTemplate":"https:\/\/fifes.org\/?s={search_term_string}"},"query-input":{"@type":"PropertyValueSpecification","valueRequired":true,"valueName":"search_term_string"}}],"inLanguage":"en-US"},{"@type":"Organization","@id":"https:\/\/fifes.org\/#organization","name":"Festival International du Film Ecologique et Social","alternateName":"F.I.F.E.S.","url":"https:\/\/fifes.org\/","logo":{"@type":"ImageObject","inLanguage":"en-US","@id":"https:\/\/fifes.org\/#\/schema\/logo\/image\/","url":"https:\/\/fifes.org\/wp-content\/uploads\/2022\/12\/Logo-2023-480px-e1671803170434.png","contentUrl":"https:\/\/fifes.org\/wp-content\/uploads\/2022\/12\/Logo-2023-480px-e1671803170434.png","width":200,"height":188,"caption":"Festival International du Film Ecologique et Social"},"image":{"@id":"https:\/\/fifes.org\/#\/schema\/logo\/image\/"},"sameAs":["https:\/\/www.facebook.com\/fifescannes","https:\/\/www.instagram.com\/fifescannes\/?hl=fr"]}]}},"ticketed":false,"_links":{"self":[{"href":"https:\/\/fifes.org\/en\/wp-json\/wp\/v2\/pages\/12223","targetHints":{"allow":["GET"]}}],"collection":[{"href":"https:\/\/fifes.org\/en\/wp-json\/wp\/v2\/pages"}],"about":[{"href":"https:\/\/fifes.org\/en\/wp-json\/wp\/v2\/types\/page"}],"author":[{"embeddable":true,"href":"https:\/\/fifes.org\/en\/wp-json\/wp\/v2\/users\/6"}],"replies":[{"embeddable":true,"href":"https:\/\/fifes.org\/en\/wp-json\/wp\/v2\/comments?post=12223"}],"version-history":[{"count":5,"href":"https:\/\/fifes.org\/en\/wp-json\/wp\/v2\/pages\/12223\/revisions"}],"predecessor-version":[{"id":12231,"href":"https:\/\/fifes.org\/en\/wp-json\/wp\/v2\/pages\/12223\/revisions\/12231"}],"up":[{"embeddable":true,"href":"https:\/\/fifes.org\/en\/wp-json\/wp\/v2\/pages\/6510"}],"wp:attachment":[{"href":"https:\/\/fifes.org\/en\/wp-json\/wp\/v2\/media?parent=12223"}],"curies":[{"name":"wp","href":"https:\/\/api.w.org\/{rel}","templated":true}]}}